{"id":18,"date":"2023-10-05T21:29:44","date_gmt":"2023-10-05T21:29:44","guid":{"rendered":"https:\/\/saphira-fireshow.com\/?page_id=18"},"modified":"2023-10-24T16:41:22","modified_gmt":"2023-10-24T16:41:22","slug":"agb","status":"publish","type":"page","link":"https:\/\/saphira-fireshow.com\/de\/agb\/","title":{"rendered":"AGB"},"content":{"rendered":"\t\t<div data-elementor-type=\"wp-page\" data-elementor-id=\"18\" class=\"elementor elementor-18\" data-elementor-post-type=\"page\">\n\t\t\t\t\t\t<section class=\"elementor-section elementor-top-section elementor-element elementor-element-2276144f elementor-section-full_width elementor-section-height-default elementor-section-height-default\" data-id=\"2276144f\" data-element_type=\"section\" data-e-type=\"section\" data-settings=\"{&quot;background_background&quot;:&quot;classic&quot;}\">\n\t\t\t\t\t\t\t<div class=\"elementor-background-overlay\"><\/div>\n\t\t\t\t\t\t\t<div class=\"elementor-container elementor-column-gap-default\">\n\t\t\t\t\t<div class=\"elementor-column elementor-col-100 elementor-top-column elementor-element elementor-element-76fb348d\" data-id=\"76fb348d\" data-element_type=\"column\" data-e-type=\"column\" data-settings=\"{&quot;background_background&quot;:&quot;classic&quot;}\">\n\t\t\t<div class=\"elementor-widget-wrap elementor-element-populated\">\n\t\t\t\t\t\t<section class=\"elementor-section elementor-inner-section elementor-element elementor-element-7593d3ab elementor-section-boxed elementor-section-height-default elementor-section-height-default\" data-id=\"7593d3ab\" data-element_type=\"section\" data-e-type=\"section\">\n\t\t\t\t\t\t<div class=\"elementor-container elementor-column-gap-default\">\n\t\t\t\t\t<div class=\"elementor-column elementor-col-100 elementor-inner-column elementor-element elementor-element-7e1ac1f2\" data-id=\"7e1ac1f2\" data-element_type=\"column\" data-e-type=\"column\">\n\t\t\t<div class=\"elementor-widget-wrap elementor-element-populated\">\n\t\t\t\t\t\t<div class=\"elementor-element elementor-element-1ae3b356 animated-slow elementor-view-default elementor-invisible elementor-widget elementor-widget-icon\" data-id=\"1ae3b356\" data-element_type=\"widget\" data-e-type=\"widget\" data-settings=\"{&quot;_animation&quot;:&quot;zoomIn&quot;}\" data-widget_type=\"icon.default\">\n\t\t\t\t<div class=\"elementor-widget-container\">\n\t\t\t\t\t\t\t<div class=\"elementor-icon-wrapper\">\n\t\t\t<div class=\"elementor-icon\">\n\t\t\t<i aria-hidden=\"true\" class=\"icofont icofont-tree-alt\"><\/i>\t\t\t<\/div>\n\t\t<\/div>\n\t\t\t\t\t\t<\/div>\n\t\t\t\t<\/div>\n\t\t\t\t<div class=\"elementor-element elementor-element-3f896c58 elementor-invisible elementor-widget elementor-widget-heading\" data-id=\"3f896c58\" data-element_type=\"widget\" data-e-type=\"widget\" data-settings=\"{&quot;_animation&quot;:&quot;fadeInUp&quot;}\" data-widget_type=\"heading.default\">\n\t\t\t\t<div class=\"elementor-widget-container\">\n\t\t\t\t\t<h1 class=\"elementor-heading-title elementor-size-default\">AGB<\/h1>\t\t\t\t<\/div>\n\t\t\t\t<\/div>\n\t\t\t\t\t<\/div>\n\t\t<\/div>\n\t\t\t\t\t<\/div>\n\t\t<\/section>\n\t\t\t\t\t<\/div>\n\t\t<\/div>\n\t\t\t\t\t<\/div>\n\t\t<\/section>\n\t\t\t\t<section class=\"elementor-section elementor-top-section elementor-element elementor-element-77ca5ce9 elementor-section-content-middle elementor-reverse-tablet elementor-reverse-mobile elementor-section-boxed elementor-section-height-default elementor-section-height-default\" data-id=\"77ca5ce9\" data-element_type=\"section\" data-e-type=\"section\">\n\t\t\t\t\t\t<div class=\"elementor-container elementor-column-gap-default\">\n\t\t\t\t\t<div class=\"elementor-column elementor-col-100 elementor-top-column elementor-element elementor-element-2a7b05cf elementor-invisible\" data-id=\"2a7b05cf\" data-element_type=\"column\" data-e-type=\"column\" data-settings=\"{&quot;animation&quot;:&quot;fadeInLeft&quot;}\">\n\t\t\t<div class=\"elementor-widget-wrap elementor-element-populated\">\n\t\t\t\t\t\t<div class=\"elementor-element elementor-element-de1678e elementor-widget elementor-widget-text-editor\" data-id=\"de1678e\" data-element_type=\"widget\" data-e-type=\"widget\" data-widget_type=\"text-editor.default\">\n\t\t\t\t<div class=\"elementor-widget-container\">\n\t\t\t\t\t\t\t\t\t<ol class=\"font_7 wix-list-text-align color_11 wixui-rich-text__text\"><li class=\"wixui-rich-text__text\"><p class=\"font_7 wixui-rich-text__text\"><span class=\"wixui-rich-text__text\"><span class=\"color_11 wixui-rich-text__text\">\u00a0Die Sicherheit f\u00fcr Dich, deiner G\u00e4ste sowie der Auff\u00fchrenden steht f\u00fcr uns an erster Stelle!\u00a0 Durch unsere Kenntnisse und Erfahrungen im Umgang mit Feuer und den damit verbundenen Risiken, sorgen wir f\u00fcr einen gefahrlosen verantwortungsvollen Ablauf der Feuershow &#8211;\u00a0 Vor, w\u00e4hrend und nach der Show.<\/span><\/span><\/p><\/li><li class=\"wixui-rich-text__text\"><p class=\"font_7 wixui-rich-text__text\"><span class=\"wixui-rich-text__text\"><span class=\"color_11 wixui-rich-text__text\">Wir haben bei jeder Show minimal 2 L\u00f6schdecken und einen gro\u00dfen Feuerl\u00f6scher dabei.<\/span><\/span><\/p><\/li><li class=\"wixui-rich-text__text\"><p class=\"font_7 wixui-rich-text__text\"><span class=\"wixui-rich-text__text\"><span class=\"color_11 wixui-rich-text__text\">F\u00fcr allf\u00e4llige Personensch\u00e4den, Sachsch\u00e4den und Diebst\u00e4hlen \u00fcbernehmen wir \u00a0keine Haftung. Der AUFTRAGGEBER versichert hiermit, \u00fcber die zur Deckung der entsprechenden allf\u00e4lligen Schadenersatzpflichten erforderlichen Versicherungen zu verf\u00fcgen.<\/span><\/span><\/p><\/li><li class=\"wixui-rich-text__text\"><p class=\"font_7 wixui-rich-text__text\"><span class=\"wixui-rich-text__text\"><span class=\"color_11 wixui-rich-text__text\">Ohne Das Einverst\u00e4ndnis des Grundbesitzers \/ Veranstalters wird keine Feuershow durchgef\u00fchrt !<\/span><\/span><\/p><\/li><li class=\"wixui-rich-text__text\"><p class=\"font_7 wixui-rich-text__text\"><span class=\"wixui-rich-text__text\"><span class=\"color_11 wixui-rich-text__text\">Der Auftraggeber hat die M\u00f6glichkeit 10 Tage vor dem Auftritt vom Vertrag zur\u00fcckzutreten.\u00a0 Anderenfalls wird vom Auftraggeber als Entsch\u00e4digung die H\u00e4lfte des vereinbarten Preises geschuldet.<\/span><\/span><\/p><\/li><li class=\"wixui-rich-text__text\"><p class=\"font_7 wixui-rich-text__text\"><span class=\"wixui-rich-text__text\"><span class=\"color_11 wixui-rich-text__text\">\u00a0Bei Witterungen (starker Wind und Regen, Schneefall) \u00a0ist der AUFTRAGGEBER verantwortlich, dass der Auftritt indoor oder unterdacht an einem windstillen Ort durchgef\u00fchrt werden kann. Anderfalls kann der Auftritt nicht stattfinden.<\/span><\/span><\/p><\/li><li class=\"wixui-rich-text__text\"><p class=\"font_7 wixui-rich-text__text\"><span class=\"wixui-rich-text__text\"><span class=\"color_11 wixui-rich-text__text\">Wir haben feuerfeste Teppiche, die wir in- und outdoor verwenden k\u00f6nnen, um Sch\u00e4den zu vermeiden, \u00fcbernehmen f\u00fcr allf\u00e4llige doch auftretende Sch\u00e4den jedoch keine Haftung.<\/span><\/span><\/p><\/li><li class=\"wixui-rich-text__text\"><p class=\"font_7 wixui-rich-text__text\"><span class=\"wixui-rich-text__text\"><span class=\"color_11 wixui-rich-text__text\">Aufgrund unseres umfangreichen Equipments, verpflichtet sich der Auftraggeber, einen Parkplatz in unmittelbarer n\u00e4he vom Auftrittsort\/B\u00fchne zu Verf\u00fcgung zu stellen.<\/span><\/span><\/p><\/li><li class=\"wixui-rich-text__text\"><p class=\"font_7 wixui-rich-text__text\"><span class=\"wixui-rich-text__text\"><span class=\"color_11 wixui-rich-text__text\">Der Auftraggeber ist verpflichtet, uns eine ebene Fl\u00e4che mit mindestens 4 x 4 Metern f\u00fcr die Show zu schaffen. \u00dcberpr\u00fcfung der Decken auf brennbare Materialien \u00a0 (z.B. Stoffdekorationen)<\/span><\/span><\/p><\/li><li class=\"wixui-rich-text__text\"><p class=\"font_7 wixui-rich-text__text\"><span class=\"wixui-rich-text__text\"><span class=\"color_11 wixui-rich-text__text\">Feuerpolizeiliche Auflagen und Genehmigungen sind vom Veranstalter abzukl\u00e4ren (Feuerwehr,BH, B\u00fcrgermeister,..)<\/span><\/span><\/p><\/li><\/ol>\t\t\t\t\t\t\t\t<\/div>\n\t\t\t\t<\/div>\n\t\t\t\t\t<\/div>\n\t\t<\/div>\n\t\t\t\t\t<\/div>\n\t\t<\/section>\n\t\t\t\t<\/div>\n\t\t","protected":false},"excerpt":{"rendered":"<p>\u00a0Die Sicherheit f\u00fcr Dich, deiner G\u00e4ste sowie der Auff\u00fchrenden steht f\u00fcr uns an erster Stelle!\u00a0 Durch unsere Kenntnisse und Erfahrungen im Umgang mit Feuer und den damit verbundenen Risiken, sorgen wir f\u00fcr einen gefahrlosen verantwortungsvollen Ablauf der Feuershow &#8211;\u00a0 Vor, w\u00e4hrend und nach der Show. Wir haben bei jeder Show minimal 2 L\u00f6schdecken und einen [&hellip;]<\/p>\n","protected":false},"author":2,"featured_media":0,"parent":0,"menu_order":0,"comment_status":"closed","ping_status":"closed","template":"elementor_header_footer","meta":{"_joinchat":[],"footnotes":""},"class_list":["post-18","page","type-page","status-publish","hentry"],"_links":{"self":[{"href":"https:\/\/saphira-fireshow.com\/de\/wp-json\/wp\/v2\/pages\/18","targetHints":{"allow":["GET"]}}],"collection":[{"href":"https:\/\/saphira-fireshow.com\/de\/wp-json\/wp\/v2\/pages"}],"about":[{"href":"https:\/\/saphira-fireshow.com\/de\/wp-json\/wp\/v2\/types\/page"}],"author":[{"embeddable":true,"href":"https:\/\/saphira-fireshow.com\/de\/wp-json\/wp\/v2\/users\/2"}],"replies":[{"embeddable":true,"href":"https:\/\/saphira-fireshow.com\/de\/wp-json\/wp\/v2\/comments?post=18"}],"version-history":[{"count":15,"href":"https:\/\/saphira-fireshow.com\/de\/wp-json\/wp\/v2\/pages\/18\/revisions"}],"predecessor-version":[{"id":513,"href":"https:\/\/saphira-fireshow.com\/de\/wp-json\/wp\/v2\/pages\/18\/revisions\/513"}],"wp:attachment":[{"href":"https:\/\/saphira-fireshow.com\/de\/wp-json\/wp\/v2\/media?parent=18"}],"curies":[{"name":"wp","href":"https:\/\/api.w.org\/{rel}","templated":true}]}}